{"id":104,"date":"2025-10-14T07:43:39","date_gmt":"2025-10-14T13:43:39","guid":{"rendered":"https:\/\/aes-computers.com\/?page_id=104"},"modified":"2025-11-30T11:10:54","modified_gmt":"2025-11-30T17:10:54","slug":"recoleccion-de-desechos-electronicos","status":"publish","type":"page","link":"https:\/\/aes-computers.com\/index.php\/recoleccion-de-desechos-electronicos\/","title":{"rendered":"Recolecci\u00f3n Gratuita de Desechos Electr\u00f3nicos"},"content":{"rendered":"\t\t<div data-elementor-type=\"wp-page\" data-elementor-id=\"104\" class=\"elementor elementor-104\">\n\t\t\t\t<div class=\"elementor-element elementor-element-e6bef5 e-flex e-con-boxed e-con e-parent\" data-id=\"e6bef5\" data-element_type=\"container\" data-e-type=\"container\">\n\t\t\t\t\t<div class=\"e-con-inner\">\n\t\t<div class=\"elementor-element elementor-element-95bbd3f e-con-full e-flex e-con e-child\" data-id=\"95bbd3f\" data-element_type=\"container\" data-e-type=\"container\">\n\t\t\t\t<div class=\"elementor-element elementor-element-aa43d20 elementor-widget elementor-widget-image\" data-id=\"aa43d20\" data-element_type=\"widget\" data-e-type=\"widget\" data-widget_type=\"image.default\">\n\t\t\t\t\t\t\t\t\t\t\t\t\t\t\t<img fetchpriority=\"high\" decoding=\"async\" width=\"1024\" height=\"683\" src=\"https:\/\/aes-computers.com\/wp-content\/uploads\/2025\/11\/9111e17c-924a-4b08-a701-c46a6560852a-1024x683.jpg\" class=\"attachment-large size-large wp-image-291\" alt=\"\" srcset=\"https:\/\/aes-computers.com\/wp-content\/uploads\/2025\/11\/9111e17c-924a-4b08-a701-c46a6560852a-1024x683.jpg 1024w, https:\/\/aes-computers.com\/wp-content\/uploads\/2025\/11\/9111e17c-924a-4b08-a701-c46a6560852a-300x200.jpg 300w, https:\/\/aes-computers.com\/wp-content\/uploads\/2025\/11\/9111e17c-924a-4b08-a701-c46a6560852a-768x512.jpg 768w, https:\/\/aes-computers.com\/wp-content\/uploads\/2025\/11\/9111e17c-924a-4b08-a701-c46a6560852a.jpg 1536w\" sizes=\"(max-width: 1024px) 100vw, 1024px\" \/>\t\t\t\t\t\t\t\t\t\t\t\t\t\t\t<\/div>\n\t\t\t\t<\/div>\n\t\t\t\t<div class=\"elementor-element elementor-element-27477894 elementor-widget elementor-widget-text-editor\" data-id=\"27477894\" data-element_type=\"widget\" data-e-type=\"widget\" data-widget_type=\"text-editor.default\">\n\t\t\t\t\t\t\t\t\t\n<p>En <strong>AES Computers<\/strong> creemos que la tecnolog\u00eda debe avanzar sin dejar huella negativa en el medio ambiente. Por eso, ofrecemos un servicio gratuito de <strong>recolecci\u00f3n de desechos electr\u00f3nicos<\/strong>, con el objetivo de promover pr\u00e1cticas responsables y sostenibles en el manejo de residuos tecnol\u00f3gicos.<\/p>\n\n\n\n<p>Este servicio est\u00e1 dirigido a hogares, empresas e instituciones que desean <strong>disponer adecuadamente de sus equipos electr\u00f3nicos obsoletos o en desuso<\/strong>, evitando la contaminaci\u00f3n y contribuyendo a la econom\u00eda circular.<\/p>\n\n\n\n<h4 class=\"wp-block-heading\">\ud83d\udd0c \u00bfQu\u00e9 recolectamos?<\/h4>\n\n\n\n<ul class=\"wp-block-list\">\n<li>Computadoras, laptops y servidores<\/li>\n\n\n\n<li>Tel\u00e9fonos m\u00f3viles y tabletas<\/li>\n\n\n\n<li>Impresoras, esc\u00e1neres y perif\u00e9ricos<\/li>\n\n\n\n<li>Cables, cargadores y componentes electr\u00f3nicos<\/li>\n\n\n\n<li>Monitores, teclados y accesorios<\/li>\n<\/ul>\n\n\n\n<h4 class=\"wp-block-heading\">\ud83c\udf31 \u00bfPor qu\u00e9 es importante?<\/h4>\n\n\n\n<ul class=\"wp-block-list\">\n<li>Evita que materiales t\u00f3xicos contaminen el suelo y el agua<\/li>\n\n\n\n<li>Promueve el reciclaje de componentes reutilizables<\/li>\n\n\n\n<li>Reduce el impacto ambiental de la industria tecnol\u00f3gica<\/li>\n\n\n\n<li>Fomenta la conciencia ecol\u00f3gica en la comunidad<\/li>\n<\/ul>\n\n\n\n<h4 class=\"wp-block-heading\">\ud83d\udce9 \u00bfC\u00f3mo coordinar la recolecci\u00f3n?<\/h4>\n\n\n\n<p>Solo tienes que <strong>enviar un correo electr\u00f3nico a<\/strong>: <strong>info@aes-computers.com<\/strong> y coordinar la visita de nuestro equipo para la recolecci\u00f3n segura y responsable.<\/p>\n\n\n\n<p>Este servicio refleja nuestro compromiso con el planeta y con nuestros clientes.<\/p>\n\t\t\t\t\t\t\t\t<\/div>\n\t\t\t\t\t<\/div>\n\t\t\t\t<\/div>\n\t\t\t\t<\/div>\n\t\t","protected":false},"excerpt":{"rendered":"<p>En AES Computers creemos que la tecnolog\u00eda debe avanzar sin dejar huella negativa en el medio ambiente. Por eso, ofrecemos un servicio gratuito de recolecci\u00f3n de desechos electr\u00f3nicos, con el objetivo de promover pr\u00e1cticas responsables y sostenibles en el manejo de residuos tecnol\u00f3gicos. Este servicio est\u00e1 dirigido a hogares, empresas e instituciones que desean disponer [&hellip;]<\/p>\n","protected":false},"author":1,"featured_media":0,"parent":0,"menu_order":0,"comment_status":"closed","ping_status":"closed","template":"","meta":{"footnotes":""},"class_list":["post-104","page","type-page","status-publish","hentry"],"_links":{"self":[{"href":"https:\/\/aes-computers.com\/index.php\/wp-json\/wp\/v2\/pages\/104","targetHints":{"allow":["GET"]}}],"collection":[{"href":"https:\/\/aes-computers.com\/index.php\/wp-json\/wp\/v2\/pages"}],"about":[{"href":"https:\/\/aes-computers.com\/index.php\/wp-json\/wp\/v2\/types\/page"}],"author":[{"embeddable":true,"href":"https:\/\/aes-computers.com\/index.php\/wp-json\/wp\/v2\/users\/1"}],"replies":[{"embeddable":true,"href":"https:\/\/aes-computers.com\/index.php\/wp-json\/wp\/v2\/comments?post=104"}],"version-history":[{"count":7,"href":"https:\/\/aes-computers.com\/index.php\/wp-json\/wp\/v2\/pages\/104\/revisions"}],"predecessor-version":[{"id":294,"href":"https:\/\/aes-computers.com\/index.php\/wp-json\/wp\/v2\/pages\/104\/revisions\/294"}],"wp:attachment":[{"href":"https:\/\/aes-computers.com\/index.php\/wp-json\/wp\/v2\/media?parent=104"}],"curies":[{"name":"wp","href":"https:\/\/api.w.org\/{rel}","templated":true}]}}