{"id":106,"date":"2025-10-14T07:44:46","date_gmt":"2025-10-14T13:44:46","guid":{"rendered":"https:\/\/aes-computers.com\/?page_id=106"},"modified":"2025-11-30T09:57:54","modified_gmt":"2025-11-30T15:57:54","slug":"administracion-de-perfil-en-redes-sociales","status":"publish","type":"page","link":"https:\/\/aes-computers.com\/index.php\/administracion-de-perfil-en-redes-sociales\/","title":{"rendered":"Administraci\u00f3n Estrat\u00e9gica de Perfiles en Redes Sociales"},"content":{"rendered":"\t\t<div data-elementor-type=\"wp-page\" data-elementor-id=\"106\" class=\"elementor elementor-106\">\n\t\t\t\t<div class=\"elementor-element elementor-element-7a7da73 e-flex e-con-boxed e-con e-parent\" data-id=\"7a7da73\" data-element_type=\"container\" data-e-type=\"container\">\n\t\t\t\t\t<div class=\"e-con-inner\">\n\t\t\t\t<div class=\"elementor-element elementor-element-621c727 elementor-widget elementor-widget-image\" data-id=\"621c727\" data-element_type=\"widget\" data-e-type=\"widget\" data-widget_type=\"image.default\">\n\t\t\t\t\t\t\t\t\t\t\t\t\t\t\t<img fetchpriority=\"high\" decoding=\"async\" width=\"1024\" height=\"683\" src=\"https:\/\/aes-computers.com\/wp-content\/uploads\/2025\/11\/d91ea233-95fb-43b6-8e8b-27967a77f9eb-1024x683.jpg\" class=\"attachment-large size-large wp-image-231\" alt=\"\" srcset=\"https:\/\/aes-computers.com\/wp-content\/uploads\/2025\/11\/d91ea233-95fb-43b6-8e8b-27967a77f9eb-1024x683.jpg 1024w, https:\/\/aes-computers.com\/wp-content\/uploads\/2025\/11\/d91ea233-95fb-43b6-8e8b-27967a77f9eb-300x200.jpg 300w, https:\/\/aes-computers.com\/wp-content\/uploads\/2025\/11\/d91ea233-95fb-43b6-8e8b-27967a77f9eb-768x512.jpg 768w, https:\/\/aes-computers.com\/wp-content\/uploads\/2025\/11\/d91ea233-95fb-43b6-8e8b-27967a77f9eb.jpg 1536w\" sizes=\"(max-width: 1024px) 100vw, 1024px\" \/>\t\t\t\t\t\t\t\t\t\t\t\t\t\t\t<\/div>\n\t\t\t\t\t<\/div>\n\t\t\t\t<\/div>\n\t\t<div class=\"elementor-element elementor-element-611ced2f e-flex e-con-boxed e-con e-parent\" data-id=\"611ced2f\" data-element_type=\"container\" data-e-type=\"container\">\n\t\t\t\t\t<div class=\"e-con-inner\">\n\t\t\t\t<div class=\"elementor-element elementor-element-67dca97c elementor-widget elementor-widget-text-editor\" data-id=\"67dca97c\" data-element_type=\"widget\" data-e-type=\"widget\" data-widget_type=\"text-editor.default\">\n\t\t\t\t\t\t\t\t\t\n<p>En el entorno digital actual, la presencia activa y coherente en redes sociales no es solo una ventaja competitiva: es una necesidad estrat\u00e9gica para cualquier empresa que desee conectar con sus clientes, fortalecer su marca y generar oportunidades de negocio.<\/p>\n\n\n\n<p>En <strong>AES Computers<\/strong>, ofrecemos un servicio integral de <strong>gesti\u00f3n profesional de perfiles en redes sociales<\/strong>, dise\u00f1ado para maximizar tu visibilidad, engagement y reputaci\u00f3n en plataformas clave como Facebook, Instagram, LinkedIn, X (Twitter), TikTok y m\u00e1s.<\/p>\n\n\n\n<p>Nuestro enfoque se basa en la <strong>omnicanalidad<\/strong>, lo que significa que tu marca se comunica de forma consistente y sincronizada en todos los canales digitales, adaptando el mensaje al p\u00fablico espec\u00edfico de cada plataforma. Esto permite una experiencia fluida para tus clientes, sin importar d\u00f3nde interact\u00faen contigo.<\/p>\n\n\n\n<h4 class=\"wp-block-heading\">\u2705 \u00bfQu\u00e9 incluye nuestro servicio?<\/h4>\n\n\n\n<ul class=\"wp-block-list\">\n<li><strong>Dise\u00f1o y optimizaci\u00f3n de perfiles<\/strong> con identidad visual profesional<\/li>\n\n\n\n<li><strong>Calendario editorial personalizado<\/strong> con publicaciones estrat\u00e9gicas<\/li>\n\n\n\n<li><strong>Creaci\u00f3n de contenido gr\u00e1fico y multimedia<\/strong> alineado con tu marca<\/li>\n\n\n\n<li><strong>Gesti\u00f3n de comunidad<\/strong>: respuestas a comentarios, mensajes y menciones<\/li>\n\n\n\n<li><strong>Monitoreo de m\u00e9tricas clave<\/strong> para evaluar el rendimiento y ajustar estrategias<\/li>\n\n\n\n<li><strong>Campa\u00f1as promocionales<\/strong> y segmentaci\u00f3n de audiencia para mayor alcance<\/li>\n<\/ul>\n\n\n\n<p>Todo esto a un <strong>costo significativamente menor<\/strong> que contratar personal interno, sin sacrificar calidad ni resultados. Nos convertimos en tu aliado digital, para que puedas enfocarte en lo que mejor haces: hacer crecer tu negocio.<\/p>\n\t\t\t\t\t\t\t\t<\/div>\n\t\t\t\t\t<\/div>\n\t\t\t\t<\/div>\n\t\t\t\t<\/div>\n\t\t","protected":false},"excerpt":{"rendered":"<p>En el entorno digital actual, la presencia activa y coherente en redes sociales no es solo una ventaja competitiva: es una necesidad estrat\u00e9gica para cualquier empresa que desee conectar con sus clientes, fortalecer su marca y generar oportunidades de negocio. En AES Computers, ofrecemos un servicio integral de gesti\u00f3n profesional de perfiles en redes sociales, [&hellip;]<\/p>\n","protected":false},"author":1,"featured_media":0,"parent":0,"menu_order":0,"comment_status":"closed","ping_status":"closed","template":"","meta":{"footnotes":""},"class_list":["post-106","page","type-page","status-publish","hentry"],"_links":{"self":[{"href":"https:\/\/aes-computers.com\/index.php\/wp-json\/wp\/v2\/pages\/106","targetHints":{"allow":["GET"]}}],"collection":[{"href":"https:\/\/aes-computers.com\/index.php\/wp-json\/wp\/v2\/pages"}],"about":[{"href":"https:\/\/aes-computers.com\/index.php\/wp-json\/wp\/v2\/types\/page"}],"author":[{"embeddable":true,"href":"https:\/\/aes-computers.com\/index.php\/wp-json\/wp\/v2\/users\/1"}],"replies":[{"embeddable":true,"href":"https:\/\/aes-computers.com\/index.php\/wp-json\/wp\/v2\/comments?post=106"}],"version-history":[{"count":6,"href":"https:\/\/aes-computers.com\/index.php\/wp-json\/wp\/v2\/pages\/106\/revisions"}],"predecessor-version":[{"id":234,"href":"https:\/\/aes-computers.com\/index.php\/wp-json\/wp\/v2\/pages\/106\/revisions\/234"}],"wp:attachment":[{"href":"https:\/\/aes-computers.com\/index.php\/wp-json\/wp\/v2\/media?parent=106"}],"curies":[{"name":"wp","href":"https:\/\/api.w.org\/{rel}","templated":true}]}}