{"id":108,"date":"2025-10-14T07:46:06","date_gmt":"2025-10-14T13:46:06","guid":{"rendered":"https:\/\/aes-computers.com\/?page_id=108"},"modified":"2025-11-30T10:55:05","modified_gmt":"2025-11-30T16:55:05","slug":"hosting","status":"publish","type":"page","link":"https:\/\/aes-computers.com\/index.php\/hosting\/","title":{"rendered":"Hosting Profesional para Soluciones Empresariales"},"content":{"rendered":"\t\t<div data-elementor-type=\"wp-page\" data-elementor-id=\"108\" class=\"elementor elementor-108\">\n\t\t\t\t<div class=\"elementor-element elementor-element-7e88eb00 e-flex e-con-boxed e-con e-parent\" data-id=\"7e88eb00\" data-element_type=\"container\" data-e-type=\"container\">\n\t\t\t\t\t<div class=\"e-con-inner\">\n\t\t<div class=\"elementor-element elementor-element-03a4715 e-con-full e-flex e-con e-child\" data-id=\"03a4715\" data-element_type=\"container\" data-e-type=\"container\">\n\t\t\t\t<div class=\"elementor-element elementor-element-4856647 elementor-widget elementor-widget-image\" data-id=\"4856647\" data-element_type=\"widget\" data-e-type=\"widget\" data-widget_type=\"image.default\">\n\t\t\t\t\t\t\t\t\t\t\t\t\t\t\t<img fetchpriority=\"high\" decoding=\"async\" width=\"1024\" height=\"683\" src=\"https:\/\/aes-computers.com\/wp-content\/uploads\/2025\/11\/eae8fdb3-85bc-4176-a8e1-935ca33fd79b-1024x683.jpg\" class=\"attachment-large size-large wp-image-275\" alt=\"\" srcset=\"https:\/\/aes-computers.com\/wp-content\/uploads\/2025\/11\/eae8fdb3-85bc-4176-a8e1-935ca33fd79b-1024x683.jpg 1024w, https:\/\/aes-computers.com\/wp-content\/uploads\/2025\/11\/eae8fdb3-85bc-4176-a8e1-935ca33fd79b-300x200.jpg 300w, https:\/\/aes-computers.com\/wp-content\/uploads\/2025\/11\/eae8fdb3-85bc-4176-a8e1-935ca33fd79b-768x512.jpg 768w, https:\/\/aes-computers.com\/wp-content\/uploads\/2025\/11\/eae8fdb3-85bc-4176-a8e1-935ca33fd79b.jpg 1536w\" sizes=\"(max-width: 1024px) 100vw, 1024px\" \/>\t\t\t\t\t\t\t\t\t\t\t\t\t\t\t<\/div>\n\t\t\t\t<\/div>\n\t\t\t\t<div class=\"elementor-element elementor-element-7bb416f elementor-widget elementor-widget-text-editor\" data-id=\"7bb416f\" data-element_type=\"widget\" data-e-type=\"widget\" data-widget_type=\"text-editor.default\">\n\t\t\t\t\t\t\t\t\t\n<p>En <strong>AES Computers<\/strong> ofrecemos servicios de <strong>hosting confiable, seguro y escalable<\/strong>, dise\u00f1ado para alojar todas las soluciones digitales que tu empresa necesita, sin complicaciones ni costos excesivos. Nuestro servicio de hospedaje permite centralizar tus operaciones tecnol\u00f3gicas en un entorno optimizado, con soporte t\u00e9cnico disponible los <strong>365 d\u00edas del a\u00f1o<\/strong>.<\/p>\n\n\n\n<p>Ya sea que necesites alojar tu sitio web, gestionar correos corporativos, administrar bases de datos o implementar servicios de mensajer\u00eda, nuestro hosting se adapta a tus requerimientos con total flexibilidad.<\/p>\n\n\n\n<h4 class=\"wp-block-heading\">\ud83e\udde9 \u00bfQu\u00e9 incluye nuestro servicio?<\/h4>\n\n\n\n<ul class=\"wp-block-list\">\n<li><strong>Hospedaje de p\u00e1ginas web<\/strong> con alto rendimiento<\/li>\n\n\n\n<li><strong>Correo electr\u00f3nico corporativo<\/strong> con filtros antispam y respaldo<\/li>\n\n\n\n<li><strong>Bases de datos seguras<\/strong> para aplicaciones y sistemas<\/li>\n\n\n\n<li><strong>Servicios de mensajer\u00eda y colaboraci\u00f3n<\/strong><\/li>\n\n\n\n<li><strong>Panel de control personalizado<\/strong> para gesti\u00f3n t\u00e9cnica<\/li>\n\n\n\n<li><strong>Soporte t\u00e9cnico especializado<\/strong> todos los d\u00edas del a\u00f1o<\/li>\n<\/ul>\n\n\n\n<h4 class=\"wp-block-heading\">\u2699\ufe0f Ventajas competitivas<\/h4>\n\n\n\n<ul class=\"wp-block-list\">\n<li><strong>Costo significativamente menor<\/strong> que adquirir infraestructura propia<\/li>\n\n\n\n<li><strong>Ahorro en consumo el\u00e9ctrico y mantenimiento f\u00edsico<\/strong><\/li>\n\n\n\n<li><strong>Alta disponibilidad y velocidad de acceso<\/strong><\/li>\n\n\n\n<li><strong>Escalabilidad seg\u00fan el crecimiento de tu empresa<\/strong><\/li>\n\n\n\n<li><strong>Protecci\u00f3n contra amenazas y respaldo autom\u00e1tico<\/strong><\/li>\n<\/ul>\n\n\n\n<p>Este servicio es ideal para empresas que desean operar de forma eficiente, sin preocuparse por la gesti\u00f3n t\u00e9cnica de servidores o infraestructura.<\/p>\n\t\t\t\t\t\t\t\t<\/div>\n\t\t\t\t\t<\/div>\n\t\t\t\t<\/div>\n\t\t\t\t<\/div>\n\t\t","protected":false},"excerpt":{"rendered":"<p>En AES Computers ofrecemos servicios de hosting confiable, seguro y escalable, dise\u00f1ado para alojar todas las soluciones digitales que tu empresa necesita, sin complicaciones ni costos excesivos. Nuestro servicio de hospedaje permite centralizar tus operaciones tecnol\u00f3gicas en un entorno optimizado, con soporte t\u00e9cnico disponible los 365 d\u00edas del a\u00f1o. Ya sea que necesites alojar tu [&hellip;]<\/p>\n","protected":false},"author":1,"featured_media":0,"parent":0,"menu_order":0,"comment_status":"closed","ping_status":"closed","template":"","meta":{"footnotes":""},"class_list":["post-108","page","type-page","status-publish","hentry"],"_links":{"self":[{"href":"https:\/\/aes-computers.com\/index.php\/wp-json\/wp\/v2\/pages\/108","targetHints":{"allow":["GET"]}}],"collection":[{"href":"https:\/\/aes-computers.com\/index.php\/wp-json\/wp\/v2\/pages"}],"about":[{"href":"https:\/\/aes-computers.com\/index.php\/wp-json\/wp\/v2\/types\/page"}],"author":[{"embeddable":true,"href":"https:\/\/aes-computers.com\/index.php\/wp-json\/wp\/v2\/users\/1"}],"replies":[{"embeddable":true,"href":"https:\/\/aes-computers.com\/index.php\/wp-json\/wp\/v2\/comments?post=108"}],"version-history":[{"count":6,"href":"https:\/\/aes-computers.com\/index.php\/wp-json\/wp\/v2\/pages\/108\/revisions"}],"predecessor-version":[{"id":279,"href":"https:\/\/aes-computers.com\/index.php\/wp-json\/wp\/v2\/pages\/108\/revisions\/279"}],"wp:attachment":[{"href":"https:\/\/aes-computers.com\/index.php\/wp-json\/wp\/v2\/media?parent=108"}],"curies":[{"name":"wp","href":"https:\/\/api.w.org\/{rel}","templated":true}]}}