{"id":110,"date":"2025-10-14T07:46:23","date_gmt":"2025-10-14T13:46:23","guid":{"rendered":"https:\/\/aes-computers.com\/?page_id=110"},"modified":"2025-11-30T10:45:19","modified_gmt":"2025-11-30T16:45:19","slug":"desarrollo-de-software","status":"publish","type":"page","link":"https:\/\/aes-computers.com\/index.php\/desarrollo-de-software\/","title":{"rendered":"Desarrollo de Software a la Medida"},"content":{"rendered":"\t\t<div data-elementor-type=\"wp-page\" data-elementor-id=\"110\" class=\"elementor elementor-110\">\n\t\t\t\t<div class=\"elementor-element elementor-element-30e2d4e3 e-flex e-con-boxed e-con e-parent\" data-id=\"30e2d4e3\" data-element_type=\"container\" data-e-type=\"container\">\n\t\t\t\t\t<div class=\"e-con-inner\">\n\t\t<div class=\"elementor-element elementor-element-15e3d68 e-con-full e-flex e-con e-child\" data-id=\"15e3d68\" data-element_type=\"container\" data-e-type=\"container\">\n\t\t\t\t<div class=\"elementor-element elementor-element-d6ace4f elementor-widget elementor-widget-image\" data-id=\"d6ace4f\" data-element_type=\"widget\" data-e-type=\"widget\" data-widget_type=\"image.default\">\n\t\t\t\t\t\t\t\t\t\t\t\t\t\t\t<img fetchpriority=\"high\" decoding=\"async\" width=\"1024\" height=\"683\" src=\"https:\/\/aes-computers.com\/wp-content\/uploads\/2025\/11\/cee674f3-ce76-498c-a1ea-cdaea5df5e18-1024x683.jpg\" class=\"attachment-large size-large wp-image-270\" alt=\"\" srcset=\"https:\/\/aes-computers.com\/wp-content\/uploads\/2025\/11\/cee674f3-ce76-498c-a1ea-cdaea5df5e18-1024x683.jpg 1024w, https:\/\/aes-computers.com\/wp-content\/uploads\/2025\/11\/cee674f3-ce76-498c-a1ea-cdaea5df5e18-300x200.jpg 300w, https:\/\/aes-computers.com\/wp-content\/uploads\/2025\/11\/cee674f3-ce76-498c-a1ea-cdaea5df5e18-768x512.jpg 768w, https:\/\/aes-computers.com\/wp-content\/uploads\/2025\/11\/cee674f3-ce76-498c-a1ea-cdaea5df5e18.jpg 1536w\" sizes=\"(max-width: 1024px) 100vw, 1024px\" \/>\t\t\t\t\t\t\t\t\t\t\t\t\t\t\t<\/div>\n\t\t\t\t<\/div>\n\t\t\t\t<div class=\"elementor-element elementor-element-6e231221 elementor-widget elementor-widget-text-editor\" data-id=\"6e231221\" data-element_type=\"widget\" data-e-type=\"widget\" data-widget_type=\"text-editor.default\">\n\t\t\t\t\t\t\t\t\t\n<p>En <strong>AES Computers<\/strong> transformamos ideas en soluciones digitales funcionales, seguras y escalables. Nuestro servicio de <strong>desarrollo de software personalizado<\/strong> est\u00e1 orientado a empresas que buscan optimizar sus procesos, mejorar su productividad y adaptarse a los desaf\u00edos tecnol\u00f3gicos actuales.<\/p>\n\n\n\n<p>Cada sistema que desarrollamos nace de un proceso riguroso de <strong>investigaci\u00f3n y an\u00e1lisis<\/strong>, donde entendemos a fondo las necesidades espec\u00edficas de tu negocio. Esto nos permite dise\u00f1ar soluciones precisas, eficientes y alineadas con tus objetivos operativos y estrat\u00e9gicos.<\/p>\n\n\n\n<h4 class=\"wp-block-heading\">\ud83e\udde0 \u00bfQu\u00e9 nos diferencia?<\/h4>\n\n\n\n<ul class=\"wp-block-list\">\n<li><strong>Enfoque consultivo<\/strong>: no solo programamos, entendemos tu modelo de negocio.<\/li>\n\n\n\n<li><strong>Dise\u00f1o centrado en el usuario<\/strong>: interfaces intuitivas y funcionales.<\/li>\n\n\n\n<li><strong>Arquitectura escalable<\/strong>: sistemas que crecen contigo.<\/li>\n\n\n\n<li><strong>Seguridad integrada<\/strong>: desarrollo con buenas pr\u00e1cticas de ciberseguridad.<\/li>\n\n\n\n<li><strong>Integraci\u00f3n con plataformas existentes<\/strong>: ERP, CRM, bases de datos, APIs.<\/li>\n<\/ul>\n\n\n\n<h4 class=\"wp-block-heading\">\ud83d\udee0\ufe0f Tipos de soluciones que desarrollamos<\/h4>\n\n\n\n<ul class=\"wp-block-list\">\n<li>Sistemas administrativos y contables<\/li>\n\n\n\n<li>Plataformas de gesti\u00f3n interna (RRHH, inventarios, log\u00edstica)<\/li>\n\n\n\n<li>Aplicaciones web y m\u00f3viles<\/li>\n\n\n\n<li>Portales de atenci\u00f3n al cliente<\/li>\n\n\n\n<li>Automatizaci\u00f3n de procesos empresariales<\/li>\n\n\n\n<li>Herramientas de an\u00e1lisis y visualizaci\u00f3n de datos<\/li>\n<\/ul>\n\n\n\n<h4 class=\"wp-block-heading\">\ud83d\udcc8 Beneficios para tu empresa<\/h4>\n\n\n\n<p>Control total sobre tu soluci\u00f3n tecnol\u00f3gica<\/p>\n\n\n\n<p>Mayor eficiencia operativa<\/p>\n\n\n\n<p>Reducci\u00f3n de errores y duplicidad de tareas<\/p>\n\n\n\n<p>Mejora en la toma de decisiones<\/p>\n\n\n\n<p>Ahorro en licencias de software gen\u00e9rico<\/p>\n\t\t\t\t\t\t\t\t<\/div>\n\t\t\t\t\t<\/div>\n\t\t\t\t<\/div>\n\t\t\t\t<\/div>\n\t\t","protected":false},"excerpt":{"rendered":"<p>En AES Computers transformamos ideas en soluciones digitales funcionales, seguras y escalables. Nuestro servicio de desarrollo de software personalizado est\u00e1 orientado a empresas que buscan optimizar sus procesos, mejorar su productividad y adaptarse a los desaf\u00edos tecnol\u00f3gicos actuales. Cada sistema que desarrollamos nace de un proceso riguroso de investigaci\u00f3n y an\u00e1lisis, donde entendemos a fondo [&hellip;]<\/p>\n","protected":false},"author":1,"featured_media":0,"parent":0,"menu_order":0,"comment_status":"closed","ping_status":"closed","template":"","meta":{"footnotes":""},"class_list":["post-110","page","type-page","status-publish","hentry"],"_links":{"self":[{"href":"https:\/\/aes-computers.com\/index.php\/wp-json\/wp\/v2\/pages\/110","targetHints":{"allow":["GET"]}}],"collection":[{"href":"https:\/\/aes-computers.com\/index.php\/wp-json\/wp\/v2\/pages"}],"about":[{"href":"https:\/\/aes-computers.com\/index.php\/wp-json\/wp\/v2\/types\/page"}],"author":[{"embeddable":true,"href":"https:\/\/aes-computers.com\/index.php\/wp-json\/wp\/v2\/users\/1"}],"replies":[{"embeddable":true,"href":"https:\/\/aes-computers.com\/index.php\/wp-json\/wp\/v2\/comments?post=110"}],"version-history":[{"count":7,"href":"https:\/\/aes-computers.com\/index.php\/wp-json\/wp\/v2\/pages\/110\/revisions"}],"predecessor-version":[{"id":273,"href":"https:\/\/aes-computers.com\/index.php\/wp-json\/wp\/v2\/pages\/110\/revisions\/273"}],"wp:attachment":[{"href":"https:\/\/aes-computers.com\/index.php\/wp-json\/wp\/v2\/media?parent=110"}],"curies":[{"name":"wp","href":"https:\/\/api.w.org\/{rel}","templated":true}]}}