{"id":116,"date":"2025-10-14T07:49:14","date_gmt":"2025-10-14T13:49:14","guid":{"rendered":"https:\/\/aes-computers.com\/?page_id=116"},"modified":"2025-10-14T12:19:45","modified_gmt":"2025-10-14T18:19:45","slug":"valores","status":"publish","type":"page","link":"https:\/\/aes-computers.com\/index.php\/valores\/","title":{"rendered":"Valores"},"content":{"rendered":"\n<p>Nuestros valores sobre los que se sostiene la estrategia de diferenciaci\u00f3n en el servicio son:<\/p>\n\n\n\n<p>\u00b7&nbsp; &nbsp; &nbsp; &nbsp; &nbsp; &nbsp; <strong>Trabajo en equipo:<\/strong> Promoviendo y apoyando un equipo homog\u00e9neo en objetivos y compromiso.<\/p>\n\n\n\n<p>\u00b7&nbsp; &nbsp; &nbsp; &nbsp; &nbsp; &nbsp; <strong>Colaboraci\u00f3n:<\/strong> Nos integramos con nuestros proveedores, empleados y clientes para mejorar d\u00eda a d\u00eda la calidad y lograr una relaci\u00f3n de valor para todos los involucrados.<\/p>\n\n\n\n<p>\u00b7&nbsp; &nbsp; &nbsp; &nbsp; &nbsp; &nbsp; <strong>Servicio:<\/strong> Cumplimos con nuestros compromisos y nos hacemos responsables de nuestro rendimiento en todas nuestras decisiones y acciones, bas\u00e1ndonos en una gran voluntad de servicio por y para nuestros clientes.<\/p>\n\n\n\n<p>\u00b7&nbsp; &nbsp; <strong>Innovaci\u00f3n y mejora continua:<\/strong> Miramos hacia el futuro, por lo tanto, ofrecemos las soluciones m\u00e1s recientes del mercado para dar un apoyo y servicio \u00f3ptimo a nuestros clientes.<\/p>\n\n\n\n<p>\u00b7 &nbsp; &nbsp; &nbsp; &nbsp; &nbsp; &nbsp; &nbsp; <strong>Transparencia:<\/strong> La implicaci\u00f3n y compromiso del personal no ser\u00eda posible sin una absoluta transparencia en los procesos, disponiendo el personal de la informaci\u00f3n m\u00e1s clara y estructurada.<\/p>\n\n\n\n<p>\u00b7 &nbsp; &nbsp; &nbsp; &nbsp; &nbsp; <strong>Comunicaci\u00f3n:<\/strong> Promovemos y facilitamos la comunicaci\u00f3n entre todos los niveles de la organizaci\u00f3n y sus stakeholders, disponiendo de herramientas eficaces, convocando los espacios adecuados y con el compromiso constante de la Direcci\u00f3n.<\/p>\n\n\n\n<p>\u00b7&nbsp; &nbsp; &nbsp; &nbsp; &nbsp; &nbsp; &nbsp; <strong>Integridad y \u00c9tica:<\/strong> Promovemos un compromiso social y personal y cumplimos nuestra normativa interna.<\/p>\n\n\n\n<p>\u00b7 &nbsp; &nbsp; &nbsp; &nbsp; <strong>Modelo de direcci\u00f3n participativo:<\/strong> El personal de la empresa asume responsabilidades y participa en el proceso de toma de decisiones, con miras a siempre satisfacer al cliente de manera eficiente.<\/p>\n\n\n\n<p>\u00b7\u00a0 \u00a0 \u00a0 \u00a0 \u00a0 <strong>Formaci\u00f3n:<\/strong> La empresa se preocupa de la formaci\u00f3n continua de sus colaboradores, tanto en habilidades t\u00e9cnicas como blandas.<\/p>\n\n\n\n<p>\u00b7\u00a0 \u00a0 \u00a0 \u00a0 <strong>Responsabilidad Social Estrat\u00e9gica:<\/strong> Mediante nuestro conocimiento adquirido, contribuimos activamente al mejoramiento social, econ\u00f3mico y ambiental, para potenciar nuestra situaci\u00f3n competitiva y valorativa.<\/p>\n","protected":false},"excerpt":{"rendered":"<p>Nuestros valores sobre los que se sostiene la estrategia de diferenciaci\u00f3n en el servicio son: \u00b7&nbsp; &nbsp; &nbsp; &nbsp; &nbsp; &nbsp; Trabajo en equipo: Promoviendo y apoyando un equipo homog\u00e9neo en objetivos y compromiso. \u00b7&nbsp; &nbsp; &nbsp; &nbsp; &nbsp; &nbsp; Colaboraci\u00f3n: Nos integramos con nuestros proveedores, empleados y clientes para mejorar d\u00eda a d\u00eda la [&hellip;]<\/p>\n","protected":false},"author":1,"featured_media":0,"parent":0,"menu_order":0,"comment_status":"closed","ping_status":"closed","template":"","meta":{"footnotes":""},"class_list":["post-116","page","type-page","status-publish","hentry"],"_links":{"self":[{"href":"https:\/\/aes-computers.com\/index.php\/wp-json\/wp\/v2\/pages\/116","targetHints":{"allow":["GET"]}}],"collection":[{"href":"https:\/\/aes-computers.com\/index.php\/wp-json\/wp\/v2\/pages"}],"about":[{"href":"https:\/\/aes-computers.com\/index.php\/wp-json\/wp\/v2\/types\/page"}],"author":[{"embeddable":true,"href":"https:\/\/aes-computers.com\/index.php\/wp-json\/wp\/v2\/users\/1"}],"replies":[{"embeddable":true,"href":"https:\/\/aes-computers.com\/index.php\/wp-json\/wp\/v2\/comments?post=116"}],"version-history":[{"count":3,"href":"https:\/\/aes-computers.com\/index.php\/wp-json\/wp\/v2\/pages\/116\/revisions"}],"predecessor-version":[{"id":218,"href":"https:\/\/aes-computers.com\/index.php\/wp-json\/wp\/v2\/pages\/116\/revisions\/218"}],"wp:attachment":[{"href":"https:\/\/aes-computers.com\/index.php\/wp-json\/wp\/v2\/media?parent=116"}],"curies":[{"name":"wp","href":"https:\/\/api.w.org\/{rel}","templated":true}]}}