{"id":118,"date":"2025-10-14T07:49:30","date_gmt":"2025-10-14T13:49:30","guid":{"rendered":"https:\/\/aes-computers.com\/?page_id=118"},"modified":"2025-10-14T11:29:34","modified_gmt":"2025-10-14T17:29:34","slug":"mision","status":"publish","type":"page","link":"https:\/\/aes-computers.com\/index.php\/mision\/","title":{"rendered":"Misi\u00f3n"},"content":{"rendered":"\n<p>En <strong>AES Computers<\/strong>, nuestra misi\u00f3n es brindar a cada cliente un servicio caracterizado por la <strong>excelencia, la responsabilidad y el compromiso genuino con su satisfacci\u00f3n<\/strong>. Nos esforzamos por ofrecer soluciones tecnol\u00f3gicas que no solo resuelvan problemas, sino que impulsen el crecimiento, la eficiencia y la transformaci\u00f3n digital de empresas e instituciones.<\/p>\n\n\n\n<p>Creemos en el poder de la tecnolog\u00eda como herramienta para mejorar vidas, optimizar procesos y conectar personas. Por eso, cada proyecto que desarrollamos est\u00e1 respaldado por valores s\u00f3lidos, atenci\u00f3n personalizada y una b\u00fasqueda constante de mejora.<\/p>\n","protected":false},"excerpt":{"rendered":"<p>En AES Computers, nuestra misi\u00f3n es brindar a cada cliente un servicio caracterizado por la excelencia, la responsabilidad y el compromiso genuino con su satisfacci\u00f3n. Nos esforzamos por ofrecer soluciones tecnol\u00f3gicas que no solo resuelvan problemas, sino que impulsen el crecimiento, la eficiencia y la transformaci\u00f3n digital de empresas e instituciones. Creemos en el poder [&hellip;]<\/p>\n","protected":false},"author":1,"featured_media":0,"parent":0,"menu_order":0,"comment_status":"closed","ping_status":"closed","template":"","meta":{"footnotes":""},"class_list":["post-118","page","type-page","status-publish","hentry"],"_links":{"self":[{"href":"https:\/\/aes-computers.com\/index.php\/wp-json\/wp\/v2\/pages\/118","targetHints":{"allow":["GET"]}}],"collection":[{"href":"https:\/\/aes-computers.com\/index.php\/wp-json\/wp\/v2\/pages"}],"about":[{"href":"https:\/\/aes-computers.com\/index.php\/wp-json\/wp\/v2\/types\/page"}],"author":[{"embeddable":true,"href":"https:\/\/aes-computers.com\/index.php\/wp-json\/wp\/v2\/users\/1"}],"replies":[{"embeddable":true,"href":"https:\/\/aes-computers.com\/index.php\/wp-json\/wp\/v2\/comments?post=118"}],"version-history":[{"count":3,"href":"https:\/\/aes-computers.com\/index.php\/wp-json\/wp\/v2\/pages\/118\/revisions"}],"predecessor-version":[{"id":189,"href":"https:\/\/aes-computers.com\/index.php\/wp-json\/wp\/v2\/pages\/118\/revisions\/189"}],"wp:attachment":[{"href":"https:\/\/aes-computers.com\/index.php\/wp-json\/wp\/v2\/media?parent=118"}],"curies":[{"name":"wp","href":"https:\/\/api.w.org\/{rel}","templated":true}]}}