{"id":120,"date":"2025-10-14T07:49:47","date_gmt":"2025-10-14T13:49:47","guid":{"rendered":"https:\/\/aes-computers.com\/?page_id=120"},"modified":"2025-10-14T12:21:07","modified_gmt":"2025-10-14T18:21:07","slug":"vision","status":"publish","type":"page","link":"https:\/\/aes-computers.com\/index.php\/vision\/","title":{"rendered":"Visi\u00f3n"},"content":{"rendered":"\n<p>En <strong>AES Computers<\/strong> aspiramos a convertirnos en la <strong>empresa l\u00edder en servicios de tecnolog\u00edas de la informaci\u00f3n en Costa Rica<\/strong>, reconocida por la <strong>excelencia, estabilidad y confiabilidad<\/strong> de nuestras soluciones. Nuestra visi\u00f3n es ser el referente nacional en innovaci\u00f3n tecnol\u00f3gica, ofreciendo a nuestros clientes un servicio que no solo resuelve, sino que transforma.<\/p>\n\n\n\n<p>Queremos ser el socio estrat\u00e9gico que acompa\u00f1a a empresas, instituciones y hogares en su evoluci\u00f3n digital, con un enfoque humano, \u00e9tico y sostenible.<\/p>\n","protected":false},"excerpt":{"rendered":"<p>En AES Computers aspiramos a convertirnos en la empresa l\u00edder en servicios de tecnolog\u00edas de la informaci\u00f3n en Costa Rica, reconocida por la excelencia, estabilidad y confiabilidad de nuestras soluciones. Nuestra visi\u00f3n es ser el referente nacional en innovaci\u00f3n tecnol\u00f3gica, ofreciendo a nuestros clientes un servicio que no solo resuelve, sino que transforma. Queremos ser [&hellip;]<\/p>\n","protected":false},"author":1,"featured_media":0,"parent":0,"menu_order":0,"comment_status":"closed","ping_status":"closed","template":"","meta":{"footnotes":""},"class_list":["post-120","page","type-page","status-publish","hentry"],"_links":{"self":[{"href":"https:\/\/aes-computers.com\/index.php\/wp-json\/wp\/v2\/pages\/120","targetHints":{"allow":["GET"]}}],"collection":[{"href":"https:\/\/aes-computers.com\/index.php\/wp-json\/wp\/v2\/pages"}],"about":[{"href":"https:\/\/aes-computers.com\/index.php\/wp-json\/wp\/v2\/types\/page"}],"author":[{"embeddable":true,"href":"https:\/\/aes-computers.com\/index.php\/wp-json\/wp\/v2\/users\/1"}],"replies":[{"embeddable":true,"href":"https:\/\/aes-computers.com\/index.php\/wp-json\/wp\/v2\/comments?post=120"}],"version-history":[{"count":3,"href":"https:\/\/aes-computers.com\/index.php\/wp-json\/wp\/v2\/pages\/120\/revisions"}],"predecessor-version":[{"id":219,"href":"https:\/\/aes-computers.com\/index.php\/wp-json\/wp\/v2\/pages\/120\/revisions\/219"}],"wp:attachment":[{"href":"https:\/\/aes-computers.com\/index.php\/wp-json\/wp\/v2\/media?parent=120"}],"curies":[{"name":"wp","href":"https:\/\/api.w.org\/{rel}","templated":true}]}}