{"id":80,"date":"2025-10-14T07:26:09","date_gmt":"2025-10-14T13:26:09","guid":{"rendered":"https:\/\/aes-computers.com\/?page_id=80"},"modified":"2025-11-30T11:18:48","modified_gmt":"2025-11-30T17:18:48","slug":"servicios-para-empresas","status":"publish","type":"page","link":"https:\/\/aes-computers.com\/index.php\/servicios-para-empresas\/","title":{"rendered":"Servicios Tecnol\u00f3gicos para Empresas"},"content":{"rendered":"\t\t<div data-elementor-type=\"wp-page\" data-elementor-id=\"80\" class=\"elementor elementor-80\">\n\t\t\t\t<div class=\"elementor-element elementor-element-167e058c e-flex e-con-boxed e-con e-parent\" data-id=\"167e058c\" data-element_type=\"container\" data-e-type=\"container\">\n\t\t\t\t\t<div class=\"e-con-inner\">\n\t\t<div class=\"elementor-element elementor-element-e7c7391 e-con-full e-flex e-con e-child\" data-id=\"e7c7391\" data-element_type=\"container\" data-e-type=\"container\">\n\t\t\t\t<div class=\"elementor-element elementor-element-8882847 elementor-widget elementor-widget-image\" data-id=\"8882847\" data-element_type=\"widget\" data-e-type=\"widget\" data-widget_type=\"image.default\">\n\t\t\t\t\t\t\t\t\t\t\t\t\t\t\t<img fetchpriority=\"high\" decoding=\"async\" width=\"1024\" height=\"683\" src=\"https:\/\/aes-computers.com\/wp-content\/uploads\/2025\/11\/fc8a59e0-731b-4f96-89f6-ee4892be0e99-1024x683.jpg\" class=\"attachment-large size-large wp-image-301\" alt=\"\" srcset=\"https:\/\/aes-computers.com\/wp-content\/uploads\/2025\/11\/fc8a59e0-731b-4f96-89f6-ee4892be0e99-1024x683.jpg 1024w, https:\/\/aes-computers.com\/wp-content\/uploads\/2025\/11\/fc8a59e0-731b-4f96-89f6-ee4892be0e99-300x200.jpg 300w, https:\/\/aes-computers.com\/wp-content\/uploads\/2025\/11\/fc8a59e0-731b-4f96-89f6-ee4892be0e99-768x512.jpg 768w, https:\/\/aes-computers.com\/wp-content\/uploads\/2025\/11\/fc8a59e0-731b-4f96-89f6-ee4892be0e99.jpg 1536w\" sizes=\"(max-width: 1024px) 100vw, 1024px\" \/>\t\t\t\t\t\t\t\t\t\t\t\t\t\t\t<\/div>\n\t\t\t\t<\/div>\n\t\t\t\t<div class=\"elementor-element elementor-element-46a71d4c elementor-widget elementor-widget-text-editor\" data-id=\"46a71d4c\" data-element_type=\"widget\" data-e-type=\"widget\" data-widget_type=\"text-editor.default\">\n\t\t\t\t\t\t\t\t\t\n<p>En <strong>AES Computers<\/strong> nos sentimos orgullosos de ser aliados tecnol\u00f3gicos de empresas <strong>grandes, medianas y peque\u00f1as<\/strong> que conf\u00edan en nuestra experiencia para fortalecer su infraestructura inform\u00e1tica. Nuestro compromiso es brindar soluciones integrales, eficientes y personalizadas que impulsen la productividad, la seguridad y la transformaci\u00f3n digital de cada organizaci\u00f3n.<\/p>\n\n\n\n<p>Contamos con un portafolio completo de servicios que se adapta a las necesidades espec\u00edficas de cada cliente, sin importar su tama\u00f1o o sector. Desde soporte t\u00e9cnico hasta desarrollo de software, pasando por ciberseguridad, redes, servidores y capacitaci\u00f3n, somos tu socio estrat\u00e9gico en tecnolog\u00eda.<\/p>\n\n\n\n<h4 class=\"wp-block-heading\">\ud83c\udfaf \u00bfPor qu\u00e9 elegirnos?<\/h4>\n\n\n\n<ul class=\"wp-block-list\">\n<li>M\u00e1s de <strong>27 a\u00f1os de experiencia<\/strong> en el sector tecnol\u00f3gico<\/li>\n\n\n\n<li>Atenci\u00f3n personalizada y soluciones a la medida<\/li>\n\n\n\n<li>Equipo multidisciplinario de expertos certificados<\/li>\n\n\n\n<li>Servicios escalables y flexibles seg\u00fan tu crecimiento<\/li>\n\n\n\n<li>Soporte t\u00e9cnico continuo y confiable<\/li>\n<\/ul>\n\n\n\n<h4 class=\"wp-block-heading\">\ud83d\udce9 \u00bfTienes una necesidad espec\u00edfica?<\/h4>\n\n\n\n<p>No dudes en consultarnos. Estaremos encantados de escucharte y dise\u00f1ar una soluci\u00f3n tecnol\u00f3gica que se ajuste perfectamente a tu empresa.<\/p>\n\n\n\n<p><strong>Cont\u00e1ctanos hoy mismo:<\/strong> \ud83d\udce7 <strong>info@aes-computers.com<\/strong><\/p>\n\t\t\t\t\t\t\t\t<\/div>\n\t\t\t\t\t<\/div>\n\t\t\t\t<\/div>\n\t\t\t\t<\/div>\n\t\t","protected":false},"excerpt":{"rendered":"<p>En AES Computers nos sentimos orgullosos de ser aliados tecnol\u00f3gicos de empresas grandes, medianas y peque\u00f1as que conf\u00edan en nuestra experiencia para fortalecer su infraestructura inform\u00e1tica. Nuestro compromiso es brindar soluciones integrales, eficientes y personalizadas que impulsen la productividad, la seguridad y la transformaci\u00f3n digital de cada organizaci\u00f3n. Contamos con un portafolio completo de servicios [&hellip;]<\/p>\n","protected":false},"author":1,"featured_media":0,"parent":0,"menu_order":0,"comment_status":"closed","ping_status":"closed","template":"","meta":{"footnotes":""},"class_list":["post-80","page","type-page","status-publish","hentry"],"_links":{"self":[{"href":"https:\/\/aes-computers.com\/index.php\/wp-json\/wp\/v2\/pages\/80","targetHints":{"allow":["GET"]}}],"collection":[{"href":"https:\/\/aes-computers.com\/index.php\/wp-json\/wp\/v2\/pages"}],"about":[{"href":"https:\/\/aes-computers.com\/index.php\/wp-json\/wp\/v2\/types\/page"}],"author":[{"embeddable":true,"href":"https:\/\/aes-computers.com\/index.php\/wp-json\/wp\/v2\/users\/1"}],"replies":[{"embeddable":true,"href":"https:\/\/aes-computers.com\/index.php\/wp-json\/wp\/v2\/comments?post=80"}],"version-history":[{"count":6,"href":"https:\/\/aes-computers.com\/index.php\/wp-json\/wp\/v2\/pages\/80\/revisions"}],"predecessor-version":[{"id":304,"href":"https:\/\/aes-computers.com\/index.php\/wp-json\/wp\/v2\/pages\/80\/revisions\/304"}],"wp:attachment":[{"href":"https:\/\/aes-computers.com\/index.php\/wp-json\/wp\/v2\/media?parent=80"}],"curies":[{"name":"wp","href":"https:\/\/api.w.org\/{rel}","templated":true}]}}