{"id":96,"date":"2025-10-14T07:39:34","date_gmt":"2025-10-14T13:39:34","guid":{"rendered":"https:\/\/aes-computers.com\/?page_id=96"},"modified":"2025-11-30T10:26:34","modified_gmt":"2025-11-30T16:26:34","slug":"contratacion-de-personal-para-su-departamento-de-ti","status":"publish","type":"page","link":"https:\/\/aes-computers.com\/index.php\/contratacion-de-personal-para-su-departamento-de-ti\/","title":{"rendered":"Contrataci\u00f3n de Personal Especializado en Tecnolog\u00eda"},"content":{"rendered":"\t\t<div data-elementor-type=\"wp-page\" data-elementor-id=\"96\" class=\"elementor elementor-96\">\n\t\t\t\t<div class=\"elementor-element elementor-element-1af26ec7 e-flex e-con-boxed e-con e-parent\" data-id=\"1af26ec7\" data-element_type=\"container\" data-e-type=\"container\">\n\t\t\t\t\t<div class=\"e-con-inner\">\n\t\t<div class=\"elementor-element elementor-element-d78607b e-con-full e-flex e-con e-child\" data-id=\"d78607b\" data-element_type=\"container\" data-e-type=\"container\">\n\t\t\t\t<div class=\"elementor-element elementor-element-ad91821 elementor-widget elementor-widget-image\" data-id=\"ad91821\" data-element_type=\"widget\" data-e-type=\"widget\" data-widget_type=\"image.default\">\n\t\t\t\t\t\t\t\t\t\t\t\t\t\t\t<img fetchpriority=\"high\" decoding=\"async\" width=\"1024\" height=\"683\" src=\"https:\/\/aes-computers.com\/wp-content\/uploads\/2025\/11\/Designer-5-1024x683.png\" class=\"attachment-large size-large wp-image-256\" alt=\"\" srcset=\"https:\/\/aes-computers.com\/wp-content\/uploads\/2025\/11\/Designer-5-1024x683.png 1024w, https:\/\/aes-computers.com\/wp-content\/uploads\/2025\/11\/Designer-5-300x200.png 300w, https:\/\/aes-computers.com\/wp-content\/uploads\/2025\/11\/Designer-5-768x512.png 768w, https:\/\/aes-computers.com\/wp-content\/uploads\/2025\/11\/Designer-5.png 1536w\" sizes=\"(max-width: 1024px) 100vw, 1024px\" \/>\t\t\t\t\t\t\t\t\t\t\t\t\t\t\t<\/div>\n\t\t\t\t<\/div>\n\t\t\t\t<div class=\"elementor-element elementor-element-1ac542fd elementor-widget elementor-widget-text-editor\" data-id=\"1ac542fd\" data-element_type=\"widget\" data-e-type=\"widget\" data-widget_type=\"text-editor.default\">\n\t\t\t\t\t\t\t\t\t\n<p>En AES Computers entendemos que contar con el talento adecuado en tu departamento de TI es clave para el \u00e9xito operativo y estrat\u00e9gico de tu empresa. Por eso, ofrecemos un servicio especializado de <strong>reclutamiento y selecci\u00f3n de personal altamente calificado en tecnolog\u00eda<\/strong>, adaptado a las necesidades espec\u00edficas de cada organizaci\u00f3n.<\/p>\n\n\n\n<p>Nuestro equipo de expertos en gesti\u00f3n de talento tecnol\u00f3gico se encarga de todo el proceso: desde la definici\u00f3n del perfil profesional hasta la entrega del candidato ideal para su contrataci\u00f3n directa.<\/p>\n\n\n\n<h4 class=\"wp-block-heading\">\ud83e\udde9 \u00bfC\u00f3mo funciona?<\/h4>\n\n\n\n<ol start=\"1\" class=\"wp-block-list\">\n<li><strong>Definici\u00f3n del puesto<\/strong>: T\u00fa nos indicas el cargo, funciones y perfil t\u00e9cnico requerido.<\/li>\n\n\n\n<li><strong>Reclutamiento especializado<\/strong>: Buscamos candidatos con experiencia y habilidades alineadas a tus necesidades.<\/li>\n\n\n\n<li><strong>Evaluaci\u00f3n integral<\/strong>: Realizamos entrevistas, pruebas t\u00e9cnicas y an\u00e1lisis de competencias.<\/li>\n\n\n\n<li><strong>Selecci\u00f3n final<\/strong>: Te presentamos al candidato m\u00e1s id\u00f3neo para que lo contrates directamente como parte de tu equipo.<\/li>\n<\/ol>\n\n\n\n<h4 class=\"wp-block-heading\">\ud83c\udfaf Beneficios para tu empresa<\/h4>\n\n\n\n<p>Mayor agilidad en la incorporaci\u00f3n de talento estrat\u00e9gico<\/p>\n\n\n\n<p>Ahorro de tiempo y recursos en procesos de selecci\u00f3n<\/p>\n\n\n\n<p>Acceso a una red de profesionales tecnol\u00f3gicos validados<\/p>\n\n\n\n<p>Reducci\u00f3n de riesgos en contrataciones inadecuadas<\/p>\n\t\t\t\t\t\t\t\t<\/div>\n\t\t\t\t\t<\/div>\n\t\t\t\t<\/div>\n\t\t\t\t<\/div>\n\t\t","protected":false},"excerpt":{"rendered":"<p>En AES Computers entendemos que contar con el talento adecuado en tu departamento de TI es clave para el \u00e9xito operativo y estrat\u00e9gico de tu empresa. Por eso, ofrecemos un servicio especializado de reclutamiento y selecci\u00f3n de personal altamente calificado en tecnolog\u00eda, adaptado a las necesidades espec\u00edficas de cada organizaci\u00f3n. Nuestro equipo de expertos en [&hellip;]<\/p>\n","protected":false},"author":1,"featured_media":0,"parent":0,"menu_order":0,"comment_status":"closed","ping_status":"closed","template":"","meta":{"footnotes":""},"class_list":["post-96","page","type-page","status-publish","hentry"],"_links":{"self":[{"href":"https:\/\/aes-computers.com\/index.php\/wp-json\/wp\/v2\/pages\/96","targetHints":{"allow":["GET"]}}],"collection":[{"href":"https:\/\/aes-computers.com\/index.php\/wp-json\/wp\/v2\/pages"}],"about":[{"href":"https:\/\/aes-computers.com\/index.php\/wp-json\/wp\/v2\/types\/page"}],"author":[{"embeddable":true,"href":"https:\/\/aes-computers.com\/index.php\/wp-json\/wp\/v2\/users\/1"}],"replies":[{"embeddable":true,"href":"https:\/\/aes-computers.com\/index.php\/wp-json\/wp\/v2\/comments?post=96"}],"version-history":[{"count":7,"href":"https:\/\/aes-computers.com\/index.php\/wp-json\/wp\/v2\/pages\/96\/revisions"}],"predecessor-version":[{"id":259,"href":"https:\/\/aes-computers.com\/index.php\/wp-json\/wp\/v2\/pages\/96\/revisions\/259"}],"wp:attachment":[{"href":"https:\/\/aes-computers.com\/index.php\/wp-json\/wp\/v2\/media?parent=96"}],"curies":[{"name":"wp","href":"https:\/\/api.w.org\/{rel}","templated":true}]}}