{"id":98,"date":"2025-10-14T07:40:05","date_gmt":"2025-10-14T13:40:05","guid":{"rendered":"https:\/\/aes-computers.com\/?page_id=98"},"modified":"2025-11-30T10:40:01","modified_gmt":"2025-11-30T16:40:01","slug":"contratos-de-auditoria-informatica","status":"publish","type":"page","link":"https:\/\/aes-computers.com\/index.php\/contratos-de-auditoria-informatica\/","title":{"rendered":"Contratos de Auditor\u00eda Inform\u00e1tica"},"content":{"rendered":"\t\t<div data-elementor-type=\"wp-page\" data-elementor-id=\"98\" class=\"elementor elementor-98\">\n\t\t\t\t<div class=\"elementor-element elementor-element-6c77b3bf e-flex e-con-boxed e-con e-parent\" data-id=\"6c77b3bf\" data-element_type=\"container\" data-e-type=\"container\">\n\t\t\t\t\t<div class=\"e-con-inner\">\n\t\t<div class=\"elementor-element elementor-element-8bd9e8e e-con-full e-flex e-con e-child\" data-id=\"8bd9e8e\" data-element_type=\"container\" data-e-type=\"container\">\n\t\t\t\t<div class=\"elementor-element elementor-element-396fe37 elementor-widget elementor-widget-image\" data-id=\"396fe37\" data-element_type=\"widget\" data-e-type=\"widget\" data-widget_type=\"image.default\">\n\t\t\t\t\t\t\t\t\t\t\t\t\t\t\t<img fetchpriority=\"high\" decoding=\"async\" width=\"1024\" height=\"683\" src=\"https:\/\/aes-computers.com\/wp-content\/uploads\/2025\/11\/1f53f7ad-d5a9-427d-ab81-2288cf4a4ec2-1024x683.jpg\" class=\"attachment-large size-large wp-image-265\" alt=\"\" srcset=\"https:\/\/aes-computers.com\/wp-content\/uploads\/2025\/11\/1f53f7ad-d5a9-427d-ab81-2288cf4a4ec2-1024x683.jpg 1024w, https:\/\/aes-computers.com\/wp-content\/uploads\/2025\/11\/1f53f7ad-d5a9-427d-ab81-2288cf4a4ec2-300x200.jpg 300w, https:\/\/aes-computers.com\/wp-content\/uploads\/2025\/11\/1f53f7ad-d5a9-427d-ab81-2288cf4a4ec2-768x512.jpg 768w, https:\/\/aes-computers.com\/wp-content\/uploads\/2025\/11\/1f53f7ad-d5a9-427d-ab81-2288cf4a4ec2.jpg 1536w\" sizes=\"(max-width: 1024px) 100vw, 1024px\" \/>\t\t\t\t\t\t\t\t\t\t\t\t\t\t\t<\/div>\n\t\t\t\t<\/div>\n\t\t\t\t<div class=\"elementor-element elementor-element-202282b7 elementor-widget elementor-widget-text-editor\" data-id=\"202282b7\" data-element_type=\"widget\" data-e-type=\"widget\" data-widget_type=\"text-editor.default\">\n\t\t\t\t\t\t\t\t\t\n<p>En AES Computers ofrecemos servicios especializados de <strong>auditor\u00eda inform\u00e1tica<\/strong>, dise\u00f1ados para evaluar, fortalecer y proteger la infraestructura tecnol\u00f3gica de empresas e instituciones. Nuestro objetivo es ayudarte a identificar vulnerabilidades, optimizar procesos y garantizar que tu entorno digital cumpla con los m\u00e1s altos est\u00e1ndares de seguridad y eficiencia.<\/p>\n\n\n\n<p>Este servicio se formaliza mediante un contrato que define claramente el alcance, duraci\u00f3n y objetivos de la auditor\u00eda, adaptado a las necesidades espec\u00edficas de cada cliente.<\/p>\n\n\n\n<h4 class=\"wp-block-heading\">\ud83d\udd0d \u00bfQu\u00e9 incluye nuestra auditor\u00eda?<\/h4>\n\n\n\n<ul class=\"wp-block-list\">\n<li><strong>Diagn\u00f3stico del estado actual<\/strong> del \u00e1rea tecnol\u00f3gica<\/li>\n\n\n\n<li><strong>Evaluaci\u00f3n de sistemas, redes, software y pol\u00edticas de seguridad<\/strong><\/li>\n\n\n\n<li><strong>Identificaci\u00f3n de fallos cr\u00edticos y brechas de seguridad<\/strong><\/li>\n\n\n\n<li><strong>Recomendaciones para mejoras estructurales y operativas<\/strong><\/li>\n\n\n\n<li><strong>Asesor\u00eda en la creaci\u00f3n o reestructuraci\u00f3n del departamento de TI<\/strong><\/li>\n\n\n\n<li><strong>Informe t\u00e9cnico detallado<\/strong> con hallazgos, riesgos y plan de acci\u00f3n<\/li>\n<\/ul>\n\n\n\n<h4 class=\"wp-block-heading\">\ud83c\udfaf Beneficios para tu organizaci\u00f3n<\/h4>\n\n\n\n<ul class=\"wp-block-list\">\n<li>Mayor control sobre los activos tecnol\u00f3gicos<\/li>\n\n\n\n<li>Reducci\u00f3n de riesgos operativos y financieros<\/li>\n\n\n\n<li>Cumplimiento normativo y mejores pr\u00e1cticas internacionales<\/li>\n\n\n\n<li>Fortalecimiento de la seguridad inform\u00e1tica<\/li>\n\n\n\n<li>Base s\u00f3lida para la toma de decisiones estrat\u00e9gicas<\/li>\n<\/ul>\n\n\n\n<p>Este servicio es ideal para organizaciones que desean validar su infraestructura tecnol\u00f3gica, prevenir incidentes y mejorar su desempe\u00f1o digital.<\/p>\n\t\t\t\t\t\t\t\t<\/div>\n\t\t\t\t\t<\/div>\n\t\t\t\t<\/div>\n\t\t\t\t<\/div>\n\t\t","protected":false},"excerpt":{"rendered":"<p>En AES Computers ofrecemos servicios especializados de auditor\u00eda inform\u00e1tica, dise\u00f1ados para evaluar, fortalecer y proteger la infraestructura tecnol\u00f3gica de empresas e instituciones. Nuestro objetivo es ayudarte a identificar vulnerabilidades, optimizar procesos y garantizar que tu entorno digital cumpla con los m\u00e1s altos est\u00e1ndares de seguridad y eficiencia. Este servicio se formaliza mediante un contrato que [&hellip;]<\/p>\n","protected":false},"author":1,"featured_media":0,"parent":0,"menu_order":0,"comment_status":"closed","ping_status":"closed","template":"","meta":{"footnotes":""},"class_list":["post-98","page","type-page","status-publish","hentry"],"_links":{"self":[{"href":"https:\/\/aes-computers.com\/index.php\/wp-json\/wp\/v2\/pages\/98","targetHints":{"allow":["GET"]}}],"collection":[{"href":"https:\/\/aes-computers.com\/index.php\/wp-json\/wp\/v2\/pages"}],"about":[{"href":"https:\/\/aes-computers.com\/index.php\/wp-json\/wp\/v2\/types\/page"}],"author":[{"embeddable":true,"href":"https:\/\/aes-computers.com\/index.php\/wp-json\/wp\/v2\/users\/1"}],"replies":[{"embeddable":true,"href":"https:\/\/aes-computers.com\/index.php\/wp-json\/wp\/v2\/comments?post=98"}],"version-history":[{"count":6,"href":"https:\/\/aes-computers.com\/index.php\/wp-json\/wp\/v2\/pages\/98\/revisions"}],"predecessor-version":[{"id":268,"href":"https:\/\/aes-computers.com\/index.php\/wp-json\/wp\/v2\/pages\/98\/revisions\/268"}],"wp:attachment":[{"href":"https:\/\/aes-computers.com\/index.php\/wp-json\/wp\/v2\/media?parent=98"}],"curies":[{"name":"wp","href":"https:\/\/api.w.org\/{rel}","templated":true}]}}